{"id":348,"date":"2025-11-08T07:37:45","date_gmt":"2025-11-08T07:37:45","guid":{"rendered":"https:\/\/3dcreativedesign.trifali.app\/?page_id=348"},"modified":"2025-11-12T15:41:36","modified_gmt":"2025-11-12T15:41:36","slug":"contact","status":"publish","type":"page","link":"https:\/\/3dcreativedesign.ca\/en\/contact\/","title":{"rendered":"Contact"},"content":{"rendered":"<div data-elementor-type=\"wp-page\" data-elementor-id=\"348\" class=\"elementor elementor-348\">\n\t\t\t\t\t\t<section class=\"elementor-section elementor-top-section elementor-element elementor-element-185c5b69 elementor-reverse-mobile elementor-section-boxed elementor-section-height-default elementor-section-height-default\" data-id=\"185c5b69\" data-element_type=\"section\" data-settings=\"{&quot;ekit_has_onepagescroll_dot&quot;:&quot;yes&quot;}\">\n\t\t\t\t\t\t<div class=\"elementor-container elementor-column-gap-default\">\n\t\t\t\t\t<div class=\"elementor-column elementor-col-50 elementor-top-column elementor-element elementor-element-5fca109\" data-id=\"5fca109\" data-element_type=\"column\">\n\t\t\t<div class=\"elementor-widget-wrap elementor-element-populated\">\n\t\t\t\t\t\t<div class=\"elementor-element elementor-element-e1568c4 elementor-widget elementor-widget-heading\" data-id=\"e1568c4\" data-element_type=\"widget\" data-settings=\"{&quot;ekit_we_effect_on&quot;:&quot;none&quot;}\" data-widget_type=\"heading.default\">\n\t\t\t\t<div class=\"elementor-widget-container\">\n\t\t\t\t\t<h1 class=\"elementor-heading-title elementor-size-default\">Contact-Us<\/h1>\t\t\t\t<\/div>\n\t\t\t\t<\/div>\n\t\t\t\t<div class=\"elementor-element elementor-element-338cc51 elementor-widget elementor-widget-text-editor\" data-id=\"338cc51\" data-element_type=\"widget\" data-settings=\"{&quot;ekit_we_effect_on&quot;:&quot;none&quot;}\" data-widget_type=\"text-editor.default\">\n\t\t\t\t<div class=\"elementor-widget-container\">\n\t\t\t\t\t\t\t\t\t<p>For any request for information, partnership, or support, we are here to help you.<\/p>\t\t\t\t\t\t\t\t<\/div>\n\t\t\t\t<\/div>\n\t\t\t\t\t<\/div>\n\t\t<\/div>\n\t\t\t\t<div class=\"elementor-column elementor-col-50 elementor-top-column elementor-element elementor-element-7b0fb196\" data-id=\"7b0fb196\" data-element_type=\"column\" data-settings=\"{&quot;background_background&quot;:&quot;classic&quot;}\">\n\t\t\t<div class=\"elementor-widget-wrap elementor-element-populated\">\n\t\t\t\t\t<div class=\"elementor-background-overlay\"><\/div>\n\t\t\t\t\t\t<div class=\"elementor-element elementor-element-3126d126 elementor-widget elementor-widget-image\" data-id=\"3126d126\" data-element_type=\"widget\" data-settings=\"{&quot;ekit_we_effect_on&quot;:&quot;none&quot;}\" data-widget_type=\"image.default\">\n\t\t\t\t<div class=\"elementor-widget-container\">\n\t\t\t\t\t\t\t\t\t\t\t\t\t\t\t<img fetchpriority=\"high\" decoding=\"async\" width=\"800\" height=\"534\" src=\"https:\/\/3dcreativedesign.ca\/wp-content\/uploads\/2025\/11\/spectrometer-tool-with-printing-2021-12-23-15-24-43-utc-1024x684.jpg\" class=\"attachment-large size-large wp-image-345\" alt=\"\" srcset=\"https:\/\/3dcreativedesign.ca\/wp-content\/uploads\/2025\/11\/spectrometer-tool-with-printing-2021-12-23-15-24-43-utc-1024x684.jpg 1024w, https:\/\/3dcreativedesign.ca\/wp-content\/uploads\/2025\/11\/spectrometer-tool-with-printing-2021-12-23-15-24-43-utc-300x200.jpg 300w, https:\/\/3dcreativedesign.ca\/wp-content\/uploads\/2025\/11\/spectrometer-tool-with-printing-2021-12-23-15-24-43-utc-768x513.jpg 768w, https:\/\/3dcreativedesign.ca\/wp-content\/uploads\/2025\/11\/spectrometer-tool-with-printing-2021-12-23-15-24-43-utc.jpg 1200w\" sizes=\"(max-width: 800px) 100vw, 800px\" \/>\t\t\t\t\t\t\t\t\t\t\t\t\t\t\t<\/div>\n\t\t\t\t<\/div>\n\t\t\t\t\t<\/div>\n\t\t<\/div>\n\t\t\t\t\t<\/div>\n\t\t<\/section>\n\t\t\t\t<section class=\"elementor-section elementor-top-section elementor-element elementor-element-6b62ef19 elementor-section-boxed elementor-section-height-default elementor-section-height-default\" data-id=\"6b62ef19\" data-element_type=\"section\" data-settings=\"{&quot;background_background&quot;:&quot;classic&quot;,&quot;ekit_has_onepagescroll_dot&quot;:&quot;yes&quot;}\">\n\t\t\t\t\t\t\t<div class=\"elementor-background-overlay\"><\/div>\n\t\t\t\t\t\t\t<div class=\"elementor-container elementor-column-gap-default\">\n\t\t\t\t\t<div class=\"elementor-column elementor-col-50 elementor-top-column elementor-element elementor-element-2b83e86f\" data-id=\"2b83e86f\" data-element_type=\"column\" data-settings=\"{&quot;background_background&quot;:&quot;classic&quot;}\">\n\t\t\t<div class=\"elementor-widget-wrap elementor-element-populated\">\n\t\t\t\t\t\t<div class=\"elementor-element elementor-element-05539fa elementor-widget elementor-widget-wpforms\" data-id=\"05539fa\" data-element_type=\"widget\" data-settings=\"{&quot;ekit_we_effect_on&quot;:&quot;none&quot;}\" data-widget_type=\"wpforms.default\">\n\t\t\t\t<div class=\"elementor-widget-container\">\n\t\t\t\t\t<style id=\"wpforms-css-vars-root\">\n\t\t\t\t:root {\n\t\t\t\t\t--wpforms-field-border-radius: 3px;\n--wpforms-field-background-color: #ffffff;\n--wpforms-field-border-color: rgba( 0, 0, 0, 0.25 );\n--wpforms-field-text-color: rgba( 0, 0, 0, 0.7 );\n--wpforms-label-color: rgba( 0, 0, 0, 0.85 );\n--wpforms-label-sublabel-color: rgba( 0, 0, 0, 0.55 );\n--wpforms-label-error-color: #d63637;\n--wpforms-button-border-radius: 3px;\n--wpforms-button-background-color: #066aab;\n--wpforms-button-text-color: #ffffff;\n--wpforms-field-size-input-height: 43px;\n--wpforms-field-size-input-spacing: 15px;\n--wpforms-field-size-font-size: 16px;\n--wpforms-field-size-line-height: 19px;\n--wpforms-field-size-padding-h: 14px;\n--wpforms-field-size-checkbox-size: 16px;\n--wpforms-field-size-sublabel-spacing: 5px;\n--wpforms-field-size-icon-size: 1;\n--wpforms-label-size-font-size: 16px;\n--wpforms-label-size-line-height: 19px;\n--wpforms-label-size-sublabel-font-size: 14px;\n--wpforms-label-size-sublabel-line-height: 17px;\n--wpforms-button-size-font-size: 17px;\n--wpforms-button-size-height: 41px;\n--wpforms-button-size-padding-h: 15px;\n--wpforms-button-size-margin-top: 10px;\n\n\t\t\t\t}\n\t\t\t<\/style><style id=\"wpforms-css-vars-elementor-widget-05539fa\">\n\t\t\t\t.elementor-widget-wpforms.elementor-element-05539fa {\n\t\t\t\t\t--wpforms-label-color: #FFFFFF;\n--wpforms-button-background-color: #B279FF;\n--wpforms-field-border-color: #B279FF;\n--wpforms-field-size-input-height: 43px;\n--wpforms-field-size-input-spacing: 15px;\n--wpforms-field-size-font-size: 16px;\n--wpforms-field-size-line-height: 19px;\n--wpforms-field-size-padding-h: 14px;\n--wpforms-field-size-checkbox-size: 16px;\n--wpforms-field-size-sublabel-spacing: 5px;\n--wpforms-field-size-icon-size: 1;\n--wpforms-label-size-font-size: 16px;\n--wpforms-label-size-line-height: 19px;\n--wpforms-label-size-sublabel-font-size: 14px;\n--wpforms-label-size-sublabel-line-height: 17px;\n--wpforms-button-size-font-size: 17px;\n--wpforms-button-size-height: 41px;\n--wpforms-button-size-padding-h: 15px;\n--wpforms-button-size-margin-top: 10px;\n\n\t\t\t\t}\n\t\t\t<\/style><div class=\"wpforms-container wpforms-container-full wpforms-render-modern\" id=\"wpforms-371\"><form id=\"wpforms-form-371\" class=\"wpforms-validate wpforms-form wpforms-ajax-form\" data-formid=\"371\" method=\"post\" enctype=\"multipart\/form-data\" action=\"\/en\/wp-json\/wp\/v2\/pages\/348\" data-token=\"e2d5e5556ffbef802fbf0e25c586bc57\" data-trp-original-action=\"\/en\/wp-json\/wp\/v2\/pages\/348\"><noscript class=\"wpforms-error-noscript\">Please enable JavaScript in your browser to complete this form.<\/noscript><div class=\"wpforms-hidden\" id=\"wpforms-error-noscript\">Please enable JavaScript in your browser to complete this form.<\/div><div class=\"wpforms-field-container\"><div id=\"wpforms-371-field_0-container\" class=\"wpforms-field wpforms-field-name\" data-field-id=\"0\"><label class=\"wpforms-field-label\" for=\"wpforms-371-field_0\">Name <span class=\"wpforms-required-label\" aria-hidden=\"true\">*<\/span><\/label><input type=\"text\" id=\"wpforms-371-field_0\" class=\"wpforms-field-large wpforms-field-required\" name=\"wpforms[fields][0]\" aria-errormessage=\"wpforms-371-field_0-error\" required><\/div><div id=\"wpforms-371-field_1-container\" class=\"wpforms-field wpforms-field-email\" data-field-id=\"1\"><label class=\"wpforms-field-label\" for=\"wpforms-371-field_1\">Email <span class=\"wpforms-required-label\" aria-hidden=\"true\">*<\/span><\/label><input type=\"email\" id=\"wpforms-371-field_1\" class=\"wpforms-field-large wpforms-field-required\" name=\"wpforms[fields][1]\" spellcheck=\"false\" aria-errormessage=\"wpforms-371-field_1-error\" required><\/div><div id=\"wpforms-371-field_3-container\" class=\"wpforms-field wpforms-field-phone\" data-field-id=\"3\"><label class=\"wpforms-field-label\" for=\"wpforms-371-field_3\">Phone <span class=\"wpforms-required-label\" aria-hidden=\"true\">*<\/span><\/label><input type=\"tel\" id=\"wpforms-371-field_3\" class=\"wpforms-field-large wpforms-field-required wpforms-masked-input\" data-inputmask=\"&#039;mask&#039;: &#039;(999) 999-9999&#039;\" data-rule-us-phone-field=\"true\" data-inputmask-inputmode=\"tel\" name=\"wpforms[fields][3]\" aria-errormessage=\"wpforms-371-field_3-error\" required><\/div><div id=\"wpforms-371-field_2-container\" class=\"wpforms-field wpforms-field-textarea\" data-field-id=\"2\"><label class=\"wpforms-field-label\" for=\"wpforms-371-field_2\">Message<\/label><textarea id=\"wpforms-371-field_2\" class=\"wpforms-field-medium\" name=\"wpforms[fields][2]\" aria-errormessage=\"wpforms-371-field_2-error\" ><\/textarea><\/div><\/div><!-- .wpforms-field-container --><div class=\"wpforms-submit-container\" ><input type=\"hidden\" name=\"wpforms[id]\" value=\"371\"><input type=\"hidden\" name=\"wpforms[author]\" value=\"1\"><button type=\"submit\" name=\"wpforms[submit]\" id=\"wpforms-submit-371\" class=\"wpforms-submit\" data-alt-text=\"En cours...\" data-submit-text=\"Soumettre\" aria-live=\"assertive\" value=\"wpforms-submit\">Submit<\/button><img decoding=\"async\" src=\"https:\/\/3dcreativedesign.ca\/wp-content\/plugins\/wpforms\/assets\/images\/submit-spin.svg\" class=\"wpforms-submit-spinner\" style=\"display: none;\" width=\"26\" height=\"26\" alt=\"Loading\"><\/div><input type=\"hidden\" name=\"trp-form-language\" value=\"en\"\/><\/form><\/div>  <!-- .wpforms-container -->\t\t\t\t<\/div>\n\t\t\t\t<\/div>\n\t\t\t\t\t<\/div>\n\t\t<\/div>\n\t\t\t\t<div class=\"elementor-column elementor-col-50 elementor-top-column elementor-element elementor-element-47247126\" data-id=\"47247126\" data-element_type=\"column\">\n\t\t\t<div class=\"elementor-widget-wrap elementor-element-populated\">\n\t\t\t\t\t\t<div class=\"elementor-element elementor-element-6079467 elementor-widget__width-inherit elementor-widget elementor-widget-heading\" data-id=\"6079467\" data-element_type=\"widget\" data-settings=\"{&quot;ekit_we_effect_on&quot;:&quot;none&quot;}\" data-widget_type=\"heading.default\">\n\t\t\t\t<div class=\"elementor-widget-container\">\n\t\t\t\t\t<h2 class=\"elementor-heading-title elementor-size-default\">Send us a message!<\/h2>\t\t\t\t<\/div>\n\t\t\t\t<\/div>\n\t\t\t\t<div class=\"elementor-element elementor-element-5428e438 elementor-widget elementor-widget-text-editor\" data-id=\"5428e438\" data-element_type=\"widget\" data-settings=\"{&quot;ekit_we_effect_on&quot;:&quot;none&quot;}\" data-widget_type=\"text-editor.default\">\n\t\t\t\t<div class=\"elementor-widget-container\">\n\t\t\t\t\t\t\t\t\t<p>For an estimate, please fill out the form below.<br \/>We will get back to you as soon as possible.<\/p>\t\t\t\t\t\t\t\t<\/div>\n\t\t\t\t<\/div>\n\t\t\t\t\t<\/div>\n\t\t<\/div>\n\t\t\t\t\t<\/div>\n\t\t<\/section>\n\t\t\t\t<section class=\"elementor-section elementor-top-section elementor-element elementor-element-5d161649 elementor-section-boxed elementor-section-height-default elementor-section-height-default\" data-id=\"5d161649\" data-element_type=\"section\" data-settings=\"{&quot;ekit_has_onepagescroll_dot&quot;:&quot;yes&quot;}\">\n\t\t\t\t\t\t<div class=\"elementor-container elementor-column-gap-default\">\n\t\t\t\t\t<div class=\"elementor-column elementor-col-50 elementor-top-column elementor-element elementor-element-509e4f60\" data-id=\"509e4f60\" data-element_type=\"column\">\n\t\t\t<div class=\"elementor-widget-wrap elementor-element-populated\">\n\t\t\t\t\t\t<div class=\"elementor-element elementor-element-493f99e3 elementor-widget__width-auto elementor-widget elementor-widget-heading\" data-id=\"493f99e3\" data-element_type=\"widget\" data-settings=\"{&quot;ekit_we_effect_on&quot;:&quot;none&quot;}\" data-widget_type=\"heading.default\">\n\t\t\t\t<div class=\"elementor-widget-container\">\n\t\t\t\t\t<h2 class=\"elementor-heading-title elementor-size-default\">Information from<\/h2>\t\t\t\t<\/div>\n\t\t\t\t<\/div>\n\t\t\t\t<div class=\"elementor-element elementor-element-2ec2c1a1 elementor-widget__width-auto elementor-widget elementor-widget-heading\" data-id=\"2ec2c1a1\" data-element_type=\"widget\" data-settings=\"{&quot;ekit_we_effect_on&quot;:&quot;none&quot;}\" data-widget_type=\"heading.default\">\n\t\t\t\t<div class=\"elementor-widget-container\">\n\t\t\t\t\t<h2 class=\"elementor-heading-title elementor-size-default\">contact!<\/h2>\t\t\t\t<\/div>\n\t\t\t\t<\/div>\n\t\t\t\t<div class=\"elementor-element elementor-element-5cabbcb1 elementor-view-stacked elementor-shape-square elementor-position-left elementor-mobile-position-top elementor-widget elementor-widget-icon-box\" data-id=\"5cabbcb1\" data-element_type=\"widget\" data-settings=\"{&quot;ekit_we_effect_on&quot;:&quot;none&quot;}\" data-widget_type=\"icon-box.default\">\n\t\t\t\t<div class=\"elementor-widget-container\">\n\t\t\t\t\t\t\t<div class=\"elementor-icon-box-wrapper\">\n\n\t\t\t\t\t\t<div class=\"elementor-icon-box-icon\">\n\t\t\t\t<a href=\"tel:4387640692\" class=\"elementor-icon\" tabindex=\"-1\" aria-label=\"(438) 764-0692\">\n\t\t\t\t<i aria-hidden=\"true\" class=\"fas fa-phone\"><\/i>\t\t\t\t<\/a>\n\t\t\t<\/div>\n\t\t\t\n\t\t\t\t\t\t<div class=\"elementor-icon-box-content\">\n\n\t\t\t\t\t\t\t\t\t<h3 class=\"elementor-icon-box-title\">\n\t\t\t\t\t\t<a href=\"tel:4387640692\" >\n\t\t\t\t\t\t\t(438) 764-0692\t\t\t\t\t\t<\/a>\n\t\t\t\t\t<\/h3>\n\t\t\t\t\n\t\t\t\t\n\t\t\t<\/div>\n\t\t\t\n\t\t<\/div>\n\t\t\t\t\t\t<\/div>\n\t\t\t\t<\/div>\n\t\t\t\t<div class=\"elementor-element elementor-element-732094a elementor-view-stacked elementor-shape-square elementor-position-left elementor-mobile-position-top elementor-widget elementor-widget-icon-box\" data-id=\"732094a\" data-element_type=\"widget\" data-settings=\"{&quot;ekit_we_effect_on&quot;:&quot;none&quot;}\" data-widget_type=\"icon-box.default\">\n\t\t\t\t<div class=\"elementor-widget-container\">\n\t\t\t\t\t\t\t<div class=\"elementor-icon-box-wrapper\">\n\n\t\t\t\t\t\t<div class=\"elementor-icon-box-icon\">\n\t\t\t\t<a href=\"mailto:info@3dvd.ca\" class=\"elementor-icon\" tabindex=\"-1\" aria-label=\"patrocle_ca@hotmail.com\">\n\t\t\t\t<i aria-hidden=\"true\" class=\"fas fa-envelope\"><\/i>\t\t\t\t<\/a>\n\t\t\t<\/div>\n\t\t\t\n\t\t\t\t\t\t<div class=\"elementor-icon-box-content\">\n\n\t\t\t\t\t\t\t\t\t<h3 class=\"elementor-icon-box-title\">\n\t\t\t\t\t\t<a href=\"mailto:info@3dvd.ca\" >\n\t\t\t\t\t\t\tpatrocle_ca@hotmail.com\t\t\t\t\t\t<\/a>\n\t\t\t\t\t<\/h3>\n\t\t\t\t\n\t\t\t\t\n\t\t\t<\/div>\n\t\t\t\n\t\t<\/div>\n\t\t\t\t\t\t<\/div>\n\t\t\t\t<\/div>\n\t\t\t\t<div class=\"elementor-element elementor-element-2e46ee8d elementor-view-stacked elementor-shape-square elementor-position-left elementor-mobile-position-top elementor-widget elementor-widget-icon-box\" data-id=\"2e46ee8d\" data-element_type=\"widget\" data-settings=\"{&quot;ekit_we_effect_on&quot;:&quot;none&quot;}\" data-widget_type=\"icon-box.default\">\n\t\t\t\t<div class=\"elementor-widget-container\">\n\t\t\t\t\t\t\t<div class=\"elementor-icon-box-wrapper\">\n\n\t\t\t\t\t\t<div class=\"elementor-icon-box-icon\">\n\t\t\t\t<span  class=\"elementor-icon\">\n\t\t\t\t<i aria-hidden=\"true\" class=\"far fa-calendar-alt\"><\/i>\t\t\t\t<\/span>\n\t\t\t<\/div>\n\t\t\t\n\t\t\t\t\t\t<div class=\"elementor-icon-box-content\">\n\n\t\t\t\t\t\t\t\t\t<h3 class=\"elementor-icon-box-title\">\n\t\t\t\t\t\t<span  >\n\t\t\t\t\t\t\t9h to 18h\t\t\t\t\t\t<\/span>\n\t\t\t\t\t<\/h3>\n\t\t\t\t\n\t\t\t\t\n\t\t\t<\/div>\n\t\t\t\n\t\t<\/div>\n\t\t\t\t\t\t<\/div>\n\t\t\t\t<\/div>\n\t\t\t\t\t<\/div>\n\t\t<\/div>\n\t\t\t\t<div class=\"elementor-column elementor-col-50 elementor-top-column elementor-element elementor-element-5224c041\" data-id=\"5224c041\" data-element_type=\"column\">\n\t\t\t<div class=\"elementor-widget-wrap elementor-element-populated\">\n\t\t\t\t\t\t<div class=\"elementor-element elementor-element-a695f7c elementor-widget elementor-widget-google_maps\" data-id=\"a695f7c\" data-element_type=\"widget\" data-settings=\"{&quot;ekit_we_effect_on&quot;:&quot;none&quot;}\" data-widget_type=\"google_maps.default\">\n\t\t\t\t<div class=\"elementor-widget-container\">\n\t\t\t\t\t\t\t<div class=\"elementor-custom-embed\">\n\t\t\t<iframe loading=\"lazy\"\n\t\t\t\t\tsrc=\"https:\/\/maps.google.com\/maps?q=Montreal&#038;t=m&#038;z=10&#038;output=embed&#038;iwloc=near\"\n\t\t\t\t\ttitle=\"Montreal\"\n\t\t\t\t\taria-label=\"Montreal\"\n\t\t\t><\/iframe>\n\t\t<\/div>\n\t\t\t\t\t\t<\/div>\n\t\t\t\t<\/div>\n\t\t\t\t\t<\/div>\n\t\t<\/div>\n\t\t\t\t\t<\/div>\n\t\t<\/section>\n\t\t\t\t<\/div>","protected":false},"excerpt":{"rendered":"<p>Contactez-nous Pour toute demande d\u2019information, de partenariat ou de support, nous sommes l\u00e0 pour vous aider. Envoyez-nous un message! Pour une estimation veuillez remplir le formulaire ci-dessous.Nous vous r\u00e9pondrons dans les plus brefs d\u00e9lais. Information de contact! (438) 764-0692 patrocle_ca@hotmail.com 9h \u00e0 18h<\/p>","protected":false},"author":1,"featured_media":0,"parent":0,"menu_order":0,"comment_status":"closed","ping_status":"closed","template":"elementor_header_footer","meta":{"footnotes":""},"class_list":["post-348","page","type-page","status-publish","hentry"],"yoast_head":"<!-- This site is optimized with the Yoast SEO Premium plugin v22.1 (Yoast SEO v22.0) - https:\/\/yoast.com\/wordpress\/plugins\/seo\/ -->\n<title>Contact - 3D Creative Design<\/title>\n<meta name=\"robots\" content=\"index, follow, max-snippet:-1, max-image-preview:large, max-video-preview:-1\" \/>\n<link rel=\"canonical\" href=\"https:\/\/3dcreativedesign.ca\/en\/contact\/\" \/>\n<meta property=\"og:locale\" content=\"en_US\" \/>\n<meta property=\"og:type\" content=\"article\" \/>\n<meta property=\"og:title\" content=\"Contact - 3D Creative Design\" \/>\n<meta property=\"og:description\" content=\"Contactez-nous Pour toute demande d\u2019information, de partenariat ou de support, nous sommes l\u00e0 pour vous aider. Envoyez-nous un message! Pour une estimation veuillez remplir le formulaire ci-dessous.Nous vous r\u00e9pondrons dans les plus brefs d\u00e9lais. Information de contact! (438) 764-0692 patrocle_ca@hotmail.com 9h \u00e0 18h\" \/>\n<meta property=\"og:url\" content=\"https:\/\/3dcreativedesign.ca\/en\/contact\/\" \/>\n<meta property=\"og:site_name\" content=\"3D Creative Design\" \/>\n<meta property=\"article:publisher\" content=\"https:\/\/www.facebook.com\/profile.php?id=61563896163687\" \/>\n<meta property=\"article:modified_time\" content=\"2025-11-12T15:41:36+00:00\" \/>\n<meta property=\"og:image\" content=\"https:\/\/3dcreativedesign.ca\/wp-content\/uploads\/2025\/11\/spectrometer-tool-with-printing-2021-12-23-15-24-43-utc-1024x684.jpg\" \/>\n<meta name=\"twitter:card\" content=\"summary_large_image\" \/>\n<meta name=\"twitter:label1\" content=\"Est. reading time\" \/>\n\t<meta name=\"twitter:data1\" content=\"1 minute\" \/>\n<script type=\"application\/ld+json\" class=\"yoast-schema-graph\">{\"@context\":\"https:\/\/schema.org\",\"@graph\":[{\"@type\":\"WebPage\",\"@id\":\"https:\/\/3dcreativedesign.ca\/contact\/\",\"url\":\"https:\/\/3dcreativedesign.ca\/contact\/\",\"name\":\"Contact - 3D Creative Design\",\"isPartOf\":{\"@id\":\"https:\/\/3dcreativedesign.ca\/#website\"},\"datePublished\":\"2025-11-08T07:37:45+00:00\",\"dateModified\":\"2025-11-12T15:41:36+00:00\",\"breadcrumb\":{\"@id\":\"https:\/\/3dcreativedesign.ca\/contact\/#breadcrumb\"},\"inLanguage\":\"en-US\",\"potentialAction\":[{\"@type\":\"ReadAction\",\"target\":[\"https:\/\/3dcreativedesign.ca\/contact\/\"]}]},{\"@type\":\"BreadcrumbList\",\"@id\":\"https:\/\/3dcreativedesign.ca\/contact\/#breadcrumb\",\"itemListElement\":[{\"@type\":\"ListItem\",\"position\":1,\"name\":\"Home\",\"item\":\"https:\/\/3dcreativedesign.ca\/\"},{\"@type\":\"ListItem\",\"position\":2,\"name\":\"Contact\"}]},{\"@type\":\"WebSite\",\"@id\":\"https:\/\/3dcreativedesign.ca\/#website\",\"url\":\"https:\/\/3dcreativedesign.ca\/\",\"name\":\"3D Creative Design\",\"description\":\"\",\"publisher\":{\"@id\":\"https:\/\/3dcreativedesign.ca\/#organization\"},\"potentialAction\":[{\"@type\":\"SearchAction\",\"target\":{\"@type\":\"EntryPoint\",\"urlTemplate\":\"https:\/\/3dcreativedesign.ca\/?s={search_term_string}\"},\"query-input\":\"required name=search_term_string\"}],\"inLanguage\":\"en-US\"},{\"@type\":\"Organization\",\"@id\":\"https:\/\/3dcreativedesign.ca\/#organization\",\"name\":\"3D Creative Design\",\"url\":\"https:\/\/3dcreativedesign.ca\/\",\"logo\":{\"@type\":\"ImageObject\",\"inLanguage\":\"en-US\",\"@id\":\"https:\/\/3dcreativedesign.ca\/#\/schema\/logo\/image\/\",\"url\":\"https:\/\/3dcreativedesign.ca\/wp-content\/uploads\/2024\/12\/logo.jpg\",\"contentUrl\":\"https:\/\/3dcreativedesign.ca\/wp-content\/uploads\/2024\/12\/logo.jpg\",\"width\":350,\"height\":342,\"caption\":\"3D Creative Design\"},\"image\":{\"@id\":\"https:\/\/3dcreativedesign.ca\/#\/schema\/logo\/image\/\"},\"sameAs\":[\"https:\/\/www.facebook.com\/profile.php?id=61563896163687\"]}]}<\/script>\n<!-- \/ Yoast SEO Premium plugin. -->","yoast_head_json":{"title":"Contact - 3D Creative Design","robots":{"index":"index","follow":"follow","max-snippet":"max-snippet:-1","max-image-preview":"max-image-preview:large","max-video-preview":"max-video-preview:-1"},"canonical":"https:\/\/3dcreativedesign.ca\/en\/contact\/","og_locale":"en_US","og_type":"article","og_title":"Contact - 3D Creative Design","og_description":"Contactez-nous Pour toute demande d\u2019information, de partenariat ou de support, nous sommes l\u00e0 pour vous aider. Envoyez-nous un message! Pour une estimation veuillez remplir le formulaire ci-dessous.Nous vous r\u00e9pondrons dans les plus brefs d\u00e9lais. Information de contact! (438) 764-0692 patrocle_ca@hotmail.com 9h \u00e0 18h","og_url":"https:\/\/3dcreativedesign.ca\/en\/contact\/","og_site_name":"3D Creative Design","article_publisher":"https:\/\/www.facebook.com\/profile.php?id=61563896163687","article_modified_time":"2025-11-12T15:41:36+00:00","og_image":[{"url":"https:\/\/3dcreativedesign.ca\/wp-content\/uploads\/2025\/11\/spectrometer-tool-with-printing-2021-12-23-15-24-43-utc-1024x684.jpg"}],"twitter_card":"summary_large_image","twitter_misc":{"Est. reading time":"1 minute"},"schema":{"@context":"https:\/\/schema.org","@graph":[{"@type":"WebPage","@id":"https:\/\/3dcreativedesign.ca\/contact\/","url":"https:\/\/3dcreativedesign.ca\/contact\/","name":"Contact - 3D Creative Design","isPartOf":{"@id":"https:\/\/3dcreativedesign.ca\/#website"},"datePublished":"2025-11-08T07:37:45+00:00","dateModified":"2025-11-12T15:41:36+00:00","breadcrumb":{"@id":"https:\/\/3dcreativedesign.ca\/contact\/#breadcrumb"},"inLanguage":"en-US","potentialAction":[{"@type":"ReadAction","target":["https:\/\/3dcreativedesign.ca\/contact\/"]}]},{"@type":"BreadcrumbList","@id":"https:\/\/3dcreativedesign.ca\/contact\/#breadcrumb","itemListElement":[{"@type":"ListItem","position":1,"name":"Home","item":"https:\/\/3dcreativedesign.ca\/"},{"@type":"ListItem","position":2,"name":"Contact"}]},{"@type":"WebSite","@id":"https:\/\/3dcreativedesign.ca\/#website","url":"https:\/\/3dcreativedesign.ca\/","name":"3D Creative Design","description":"","publisher":{"@id":"https:\/\/3dcreativedesign.ca\/#organization"},"potentialAction":[{"@type":"SearchAction","target":{"@type":"EntryPoint","urlTemplate":"https:\/\/3dcreativedesign.ca\/?s={search_term_string}"},"query-input":"required name=search_term_string"}],"inLanguage":"en-US"},{"@type":"Organization","@id":"https:\/\/3dcreativedesign.ca\/#organization","name":"3D Creative Design","url":"https:\/\/3dcreativedesign.ca\/","logo":{"@type":"ImageObject","inLanguage":"en-US","@id":"https:\/\/3dcreativedesign.ca\/#\/schema\/logo\/image\/","url":"https:\/\/3dcreativedesign.ca\/wp-content\/uploads\/2024\/12\/logo.jpg","contentUrl":"https:\/\/3dcreativedesign.ca\/wp-content\/uploads\/2024\/12\/logo.jpg","width":350,"height":342,"caption":"3D Creative Design"},"image":{"@id":"https:\/\/3dcreativedesign.ca\/#\/schema\/logo\/image\/"},"sameAs":["https:\/\/www.facebook.com\/profile.php?id=61563896163687"]}]}},"_links":{"self":[{"href":"https:\/\/3dcreativedesign.ca\/en\/wp-json\/wp\/v2\/pages\/348","targetHints":{"allow":["GET"]}}],"collection":[{"href":"https:\/\/3dcreativedesign.ca\/en\/wp-json\/wp\/v2\/pages"}],"about":[{"href":"https:\/\/3dcreativedesign.ca\/en\/wp-json\/wp\/v2\/types\/page"}],"author":[{"embeddable":true,"href":"https:\/\/3dcreativedesign.ca\/en\/wp-json\/wp\/v2\/users\/1"}],"replies":[{"embeddable":true,"href":"https:\/\/3dcreativedesign.ca\/en\/wp-json\/wp\/v2\/comments?post=348"}],"version-history":[{"count":28,"href":"https:\/\/3dcreativedesign.ca\/en\/wp-json\/wp\/v2\/pages\/348\/revisions"}],"predecessor-version":[{"id":739,"href":"https:\/\/3dcreativedesign.ca\/en\/wp-json\/wp\/v2\/pages\/348\/revisions\/739"}],"wp:attachment":[{"href":"https:\/\/3dcreativedesign.ca\/en\/wp-json\/wp\/v2\/media?parent=348"}],"curies":[{"name":"wp","href":"https:\/\/api.w.org\/{rel}","templated":true}]}}